{"id":46549,"date":"2021-02-04T19:23:50","date_gmt":"2021-02-04T19:23:50","guid":{"rendered":"https:\/\/sacye.cl\/?page_id=46549"},"modified":"2024-12-13T16:33:39","modified_gmt":"2024-12-13T16:33:39","slug":"gastos-comunes","status":"publish","type":"page","link":"https:\/\/sacye.cl\/index.php\/gastos-comunes\/","title":{"rendered":"Gastos Comunes"},"content":{"rendered":"<p>[et_pb_section fb_built=\u00bb1&#8243; fullwidth=\u00bbon\u00bb admin_label=\u00bbPage Header\u00bb _builder_version=\u00bb4.16&#8243; background_image=\u00bbhttps:\/\/sacye.cl\/wp-content\/uploads\/2021\/02\/Sin-t\u00edtulo-2-1.jpg\u00bb parallax=\u00bbon\u00bb global_colors_info=\u00bb{}\u00bb][et_pb_fullwidth_header title=\u00bbGastos Comunes\u00bb text_orientation=\u00bbcenter\u00bb admin_label=\u00bbHero Section\u00bb _builder_version=\u00bb4.16&#8243; title_font=\u00bbMontserrat|on|||\u00bb title_font_size=\u00bb60px\u00bb title_line_height=\u00bb1.4em\u00bb content_font_size=\u00bb22px\u00bb content_line_height=\u00bb1.8em\u00bb subhead_font=\u00bb||||\u00bb background_color=\u00bbrgba(255, 255, 255, 0)\u00bb use_background_color_gradient=\u00bbon\u00bb background_color_gradient_stops=\u00bb#21518e 0%|rgba(33,102,170,0.53) 100%\u00bb background_color_gradient_start=\u00bb#21518e\u00bb background_color_gradient_end=\u00bbrgba(33,102,170,0.53)\u00bb custom_button_one=\u00bbon\u00bb button_one_text_size=\u00bb16px\u00bb button_one_bg_color=\u00bb#6eba01&#8243; button_one_border_width=\u00bb2px\u00bb button_one_border_color=\u00bb#6eba01&#8243; button_one_border_radius=\u00bb0&#8243; button_one_letter_spacing=\u00bb2&#8243; button_one_font=\u00bbMontserrat|||on|\u00bb button_one_use_icon=\u00bboff\u00bb custom_button_two=\u00bbon\u00bb button_two_text_size=\u00bb16px\u00bb button_two_border_width=\u00bb2px\u00bb button_two_border_color=\u00bb#ffffff\u00bb button_two_border_radius=\u00bb0&#8243; button_two_letter_spacing=\u00bb2&#8243; button_two_font=\u00bbMontserrat|||on|\u00bb button_two_use_icon=\u00bboff\u00bb module_alignment=\u00bbleft\u00bb animation_style=\u00bbfade\u00bb button_one_text_color_hover=\u00bb#6eba01&#8243; button_two_text_color_hover=\u00bb#6eba01&#8243; button_one_border_color_hover=\u00bb#ffffff\u00bb button_two_border_color_hover=\u00bb#ffffff\u00bb button_one_border_radius_hover=\u00bb0&#8243; button_two_border_radius_hover=\u00bb0&#8243; button_one_letter_spacing_hover=\u00bb2&#8243; button_two_letter_spacing_hover=\u00bb2&#8243; button_one_bg_color_hover=\u00bb#ffffff\u00bb button_two_bg_color_hover=\u00bb#ffffff\u00bb global_colors_info=\u00bb{}\u00bb button_one_text_size__hover_enabled=\u00bboff\u00bb button_two_text_size__hover_enabled=\u00bboff\u00bb button_one_text_color__hover_enabled=\u00bbon\u00bb button_one_text_color__hover=\u00bb#6eba01&#8243; button_two_text_color__hover_enabled=\u00bbon\u00bb button_two_text_color__hover=\u00bb#6eba01&#8243; button_one_border_width__hover_enabled=\u00bboff\u00bb button_two_border_width__hover_enabled=\u00bboff\u00bb button_one_border_color__hover_enabled=\u00bbon\u00bb button_one_border_color__hover=\u00bb#ffffff\u00bb button_two_border_color__hover_enabled=\u00bbon\u00bb button_two_border_color__hover=\u00bb#ffffff\u00bb button_one_border_radius__hover_enabled=\u00bbon\u00bb button_one_border_radius__hover=\u00bb0&#8243; button_two_border_radius__hover_enabled=\u00bbon\u00bb button_two_border_radius__hover=\u00bb0&#8243; button_one_letter_spacing__hover_enabled=\u00bbon\u00bb button_one_letter_spacing__hover=\u00bb2&#8243; button_two_letter_spacing__hover_enabled=\u00bbon\u00bb button_two_letter_spacing__hover=\u00bb2&#8243; button_one_bg_color__hover_enabled=\u00bbon\u00bb button_one_bg_color__hover=\u00bb#ffffff\u00bb button_two_bg_color__hover_enabled=\u00bbon\u00bb button_two_bg_color__hover=\u00bb#ffffff\u00bb]<\/p>\n<p>Los gastos comunes son los gastos que deben hacer todos los copropietarios de manera obligatoria para mantener y\/o mejorar los bienes comunes<\/p>\n<p>[\/et_pb_fullwidth_header][\/et_pb_section][et_pb_section fb_built=\u00bb1&#8243; admin_label=\u00bbFAQ\u00bb _builder_version=\u00bb4.16&#8243; custom_padding=\u00bb0px|0px|90px|0px||\u00bb global_colors_info=\u00bb{}\u00bb][et_pb_row _builder_version=\u00bb4.16&#8243; background_size=\u00bbinitial\u00bb background_position=\u00bbtop_left\u00bb background_repeat=\u00bbrepeat\u00bb custom_padding=\u00bb45px|0px|1px|0px||\u00bb custom_width_px=\u00bb710px\u00bb global_colors_info=\u00bb{}\u00bb][et_pb_column type=\u00bb4_4&#8243; _builder_version=\u00bb4.16&#8243; background_position=\u00bbtop_left\u00bb custom_padding=\u00bb|||\u00bb global_colors_info=\u00bb{}\u00bb custom_padding__hover=\u00bb|||\u00bb][et_pb_divider color=\u00bb#4e5ed0&#8243; divider_weight=\u00bb3px\u00bb disabled_on=\u00bboff|off|off\u00bb _builder_version=\u00bb4.16&#8243; background_color_gradient_direction=\u00bb90deg\u00bb max_width=\u00bb100px\u00bb module_alignment=\u00bbcenter\u00bb height=\u00bb5px\u00bb custom_margin=\u00bb||20px|\u00bb custom_padding=\u00bb||20px|\u00bb animation_style=\u00bbslide\u00bb animation_direction=\u00bbbottom\u00bb saved_tabs=\u00bball\u00bb locked=\u00bboff\u00bb global_colors_info=\u00bb{}\u00bb][\/et_pb_divider][\/et_pb_column][\/et_pb_row][et_pb_row _builder_version=\u00bb4.16&#8243; _module_preset=\u00bbdefault\u00bb global_colors_info=\u00bb{}\u00bb][et_pb_column type=\u00bb4_4&#8243; _builder_version=\u00bb4.16&#8243; _module_preset=\u00bbdefault\u00bb global_colors_info=\u00bb{}\u00bb][et_pb_text _builder_version=\u00bb4.27.4&#8243; _module_preset=\u00bbdefault\u00bb hover_enabled=\u00bb0&#8243; global_colors_info=\u00bb{}\u00bb sticky_enabled=\u00bb0&#8243;]<\/p>\n<h2><strong>Bienes Comunes o de Dominio Com\u00fan.<\/strong><\/h2>\n<p><strong>La ley 21.442 de copropiedad inmobiliaria define como bien de dominio comun:<\/strong><\/p>\n<div class=\"p\">\n<p>A.- Los que pertenezcan a todos los copropietarios por ser necesarios para la existencia, seguridad y conservaci\u00f3n del condominio, tales como terrenos, cimientos, fachadas, cierres perimetrales, muros exteriores y soportantes, elementos estructurales de la edificaci\u00f3n, techumbres, ascensores, tanto verticales como inclinados o funiculares, montacargas y escaleras o rampas mec\u00e1nicas, as\u00ed como todo tipo de instalaciones generales y ductos de calefacci\u00f3n, de aire acondicionado, de energ\u00eda el\u00e9ctrica, de alcantarillado, de gas, de agua potable y de sistemas de comunicaciones, recintos de calderas y estanques.<\/p>\n<p>B.- Aquellos que permitan a todos y a cada uno de los copropietarios el uso y goce de las unidades de su dominio exclusivo, tales como terrenos que pertenezcan a todos los copropietarios diferentes a los indicados en la letra a) precedente, circulaciones horizontales y verticales, terrazas comunes y aquellas que en todo o parte sirvan de techo a la unidad del piso inferior, dependencias de servicio comunes, oficinas o dependencias destinadas al funcionamiento de la administraci\u00f3n y a la habitaci\u00f3n del personal.<\/p>\n<p>C.- Los terrenos y los espacios que formen parte de uno de los sectores o edificaciones colectivas que contemple un condominio, diferentes a los se\u00f1alados en las letras a) y b) precedentes.<\/p>\n<p>D.- Los bienes muebles o inmuebles destinados permanentemente al servicio, la recreaci\u00f3n y al esparcimiento comunes de los copropietarios.<\/p>\n<p>E.- Aquellos a los que se les otorgue tal car\u00e1cter en el reglamento de copropiedad o que los copropietarios determinen, siempre que no sean de aquellos a que se refieren las letras A), B), C) y D) precedentes.<\/p>\n<p>&nbsp;<\/p>\n<\/div>\n<h2><strong>Gastos comunes ordinarios.<\/strong><\/h2>\n<p>Se consideraran como gastos comunes ordinarios, los gastos :<\/p>\n<p>a) De administraci\u00f3n: los gastos administrativos, tales como los de reproducci\u00f3n de documentos y despacho y los correspondientes a honorarios y remuneraciones del personal de servicio, conserje y administrador, incluidas las cotizaciones previsionales que procedan.<\/p>\n<p>b) De mantenci\u00f3n: los necesarios para el mantenimiento de los bienes de dominio com\u00fan, tales como mantenci\u00f3n y certificaci\u00f3n de ascensores, tanto verticales como inclinados o funiculares, montacargas y escaleras o rampas mec\u00e1nicas; revisiones y certificaciones peri\u00f3dicas de orden t\u00e9cnico, aseo y lubricaci\u00f3n de los servicios, maquinarias e instalaciones; adquisici\u00f3n y reposici\u00f3n de luminarias, accesorios y equipos; mantenci\u00f3n y aseo del condominio; mantenci\u00f3n o reposici\u00f3n de equipos y elementos de emergencia y seguridad; primas de seguros, y otros an\u00e1logos.<\/p>\n<p>c) De reparaci\u00f3n: los que demande el arreglo de desperfectos o deterioros de los bienes de dominio com\u00fan o el reemplazo de artefactos, piezas o partes de \u00e9stos.<\/p>\n<p>d) De uso o consumo: los correspondientes a los servicios colectivos de calefacci\u00f3n, agua potable, gas, energ\u00eda el\u00e9ctrica, tel\u00e9fonos, telecomunicaciones u otros de similar naturaleza.<\/p>\n<p>&nbsp;<\/p>\n<h2><strong>Gastos comunes extraordinarios<\/strong><\/h2>\n<p>Los gastos comunes extraordinarios son los gastos adicionales o diferentes a los gastos comunes ordinarios y las sumas destinadas a nuevas obras comunes.<\/p>\n<h2><strong>Pago de los gastos comunes<\/strong><\/h2>\n<p>Todos los copropietarios est\u00e1n obligados al pago de los gastos comunes ordinarios y extraordinarios, que se calculan tomando en cuenta el aval\u00fao fiscal de la propiedad o unidad. Si todas las unidades del edificio o condominio tienen el mismo aval\u00fao, se cancelar\u00e1 una cuota similar.<\/p>\n<p>Ning\u00fan copropietario puede eximirse del pago aduciendo el no uso de los bienes comunes.<\/p>\n<p>En el reglamento de Copropiedad se fija la forma de distribuci\u00f3n, monto y plazo para el pago.<\/p>\n<p>Si debido al no pago de los gastos comunes se genera una situaci\u00f3n de riesgo o peligro o se reduce el valor de la copropiedad, el causante deber\u00e1 responder de todo da\u00f1o o perjuicio.<\/p>\n<p>Si no hay pago o existe retraso en la cancelaci\u00f3n de estos dineros, el administrador puede suspender el servicio el\u00e9ctrico si un copropietario est\u00e1 moroso en tres o m\u00e1s cuotas.<\/p>\n<p>El organismo que soluciona el no pago de los gastos comunes es el Juzgado de Letras respectivo.<\/p>\n<p>El hecho de que un copropietario no haga uso efectivo de un determinado servicio o bien de dominio com\u00fan, o de que la unidad correspondiente permanezca desocupada por cualquier tiempo, no lo exime, en caso alguno, de la obligaci\u00f3n de contribuir oportunamente al pago de los gastos comunes correspondientes<\/p>\n<p>El cobro de los gastos comunes se efectuar\u00e1 por el administrador del condominio, de conformidad a las normas de la presente ley, del reglamento de copropiedad y a los acuerdos de la asamblea. En el aviso de cobro correspondiente deber\u00e1 constar la proporci\u00f3n en que el respectivo copropietario debe contribuir a los gastos comunes.<\/p>\n<h2><strong>\u00bf<\/strong><strong>C\u00f3mo se fija el monto a pagar de gastos comunes a cada propietario?<\/strong><\/h2>\n<p>Para calcular lo que le corresponde pagar por gastos comunes a cada copropietario, se toma en cuenta el aval\u00fao fiscal de la propiedad o unidad. Si el aval\u00fao fiscal de todas las unidades del edificio es el mismo, se cancelar\u00e1 una cuota similar. El valor exacto debe ser establecido por la Asamblea de Copropietarios, sin perjuicio de que en el Reglamento de Copropiedad que se apruebe, establezca otra modalidad para fijar el monto de los gastos, sean \u00e9stos ordinarios o extraordinarios.<\/p>\n<p>[\/et_pb_text][\/et_pb_column][\/et_pb_row][\/et_pb_section]<\/p>\n","protected":false},"excerpt":{"rendered":"<p>Los gastos comunes son los gastos que deben hacer todos los copropietarios de manera obligatoria para mantener y\/o mejorar los bienes comunesBienes Comunes o de Dominio Com\u00fan. La ley 21.442 de copropiedad inmobiliaria define como bien de dominio comun: A.- Los que pertenezcan a todos los copropietarios por ser necesarios para la existencia, seguridad y [&hellip;]<\/p>\n","protected":false},"author":1,"featured_media":0,"parent":0,"menu_order":0,"comment_status":"closed","ping_status":"closed","template":"","meta":{"_et_pb_use_builder":"on","_et_pb_old_content":"","_et_gb_content_width":"","footnotes":""},"class_list":["post-46549","page","type-page","status-publish","hentry"],"_links":{"self":[{"href":"https:\/\/sacye.cl\/index.php\/wp-json\/wp\/v2\/pages\/46549","targetHints":{"allow":["GET"]}}],"collection":[{"href":"https:\/\/sacye.cl\/index.php\/wp-json\/wp\/v2\/pages"}],"about":[{"href":"https:\/\/sacye.cl\/index.php\/wp-json\/wp\/v2\/types\/page"}],"author":[{"embeddable":true,"href":"https:\/\/sacye.cl\/index.php\/wp-json\/wp\/v2\/users\/1"}],"replies":[{"embeddable":true,"href":"https:\/\/sacye.cl\/index.php\/wp-json\/wp\/v2\/comments?post=46549"}],"version-history":[{"count":4,"href":"https:\/\/sacye.cl\/index.php\/wp-json\/wp\/v2\/pages\/46549\/revisions"}],"predecessor-version":[{"id":46669,"href":"https:\/\/sacye.cl\/index.php\/wp-json\/wp\/v2\/pages\/46549\/revisions\/46669"}],"wp:attachment":[{"href":"https:\/\/sacye.cl\/index.php\/wp-json\/wp\/v2\/media?parent=46549"}],"curies":[{"name":"wp","href":"https:\/\/api.w.org\/{rel}","templated":true}]}}