{"id":46603,"date":"2021-02-04T21:25:36","date_gmt":"2021-02-04T21:25:36","guid":{"rendered":"https:\/\/sacye.cl\/?page_id=46603"},"modified":"2021-02-04T21:30:09","modified_gmt":"2021-02-04T21:30:09","slug":"auditoria-de-comunidades","status":"publish","type":"page","link":"https:\/\/sacye.cl\/index.php\/auditoria-de-comunidades\/","title":{"rendered":"Auditoria de comunidades"},"content":{"rendered":"<p>[et_pb_section fb_built=\u00bb1&#8243; fullwidth=\u00bbon\u00bb admin_label=\u00bbPage Header\u00bb _builder_version=\u00bb4.7.7&#8243; background_image=\u00bbhttps:\/\/sacye.cl\/wp-content\/uploads\/2021\/02\/auditoria.jpg\u00bb parallax=\u00bbon\u00bb hover_enabled=\u00bb0&#8243; sticky_enabled=\u00bb0&#8243; title_text=\u00bbauditoria\u00bb][et_pb_fullwidth_header title=\u00bbAuditoria de comunidades\u00bb text_orientation=\u00bbcenter\u00bb admin_label=\u00bbHero Section\u00bb _builder_version=\u00bb4.7.7&#8243; title_font=\u00bbMontserrat|on|||\u00bb title_font_size=\u00bb60px\u00bb title_line_height=\u00bb1.4em\u00bb content_font_size=\u00bb22px\u00bb content_line_height=\u00bb1.8em\u00bb subhead_font=\u00bb||||\u00bb background_color=\u00bbrgba(255, 255, 255, 0)\u00bb use_background_color_gradient=\u00bbon\u00bb background_color_gradient_start=\u00bb#21518e\u00bb background_color_gradient_end=\u00bbrgba(33,102,170,0.53)\u00bb custom_button_one=\u00bbon\u00bb button_one_text_size=\u00bb16px\u00bb button_one_bg_color=\u00bb#6eba01&#8243; button_one_border_width=\u00bb2px\u00bb button_one_border_color=\u00bb#6eba01&#8243; button_one_border_radius=\u00bb0&#8243; button_one_letter_spacing=\u00bb2&#8243; button_one_font=\u00bbMontserrat|||on|\u00bb button_one_use_icon=\u00bboff\u00bb custom_button_two=\u00bbon\u00bb button_two_text_size=\u00bb16px\u00bb button_two_border_width=\u00bb2px\u00bb button_two_border_color=\u00bb#ffffff\u00bb button_two_border_radius=\u00bb0&#8243; button_two_letter_spacing=\u00bb2&#8243; button_two_font=\u00bbMontserrat|||on|\u00bb button_two_use_icon=\u00bboff\u00bb module_alignment=\u00bbleft\u00bb animation_style=\u00bbfade\u00bb hover_enabled=\u00bb0&#8243; button_one_text_color_hover=\u00bb#6eba01&#8243; button_two_text_color_hover=\u00bb#6eba01&#8243; button_one_border_color_hover=\u00bb#ffffff\u00bb button_two_border_color_hover=\u00bb#ffffff\u00bb button_one_border_radius_hover=\u00bb0&#8243; button_two_border_radius_hover=\u00bb0&#8243; button_one_letter_spacing_hover=\u00bb2&#8243; button_two_letter_spacing_hover=\u00bb2&#8243; button_one_bg_color_hover=\u00bb#ffffff\u00bb button_two_bg_color_hover=\u00bb#ffffff\u00bb button_one_text_size__hover_enabled=\u00bboff\u00bb button_two_text_size__hover_enabled=\u00bboff\u00bb button_one_text_color__hover_enabled=\u00bbon\u00bb button_one_text_color__hover=\u00bb#6eba01&#8243; button_two_text_color__hover_enabled=\u00bbon\u00bb button_two_text_color__hover=\u00bb#6eba01&#8243; button_one_border_width__hover_enabled=\u00bboff\u00bb button_two_border_width__hover_enabled=\u00bboff\u00bb button_one_border_color__hover_enabled=\u00bbon\u00bb button_one_border_color__hover=\u00bb#ffffff\u00bb button_two_border_color__hover_enabled=\u00bbon\u00bb button_two_border_color__hover=\u00bb#ffffff\u00bb button_one_border_radius__hover_enabled=\u00bbon\u00bb button_one_border_radius__hover=\u00bb0&#8243; button_two_border_radius__hover_enabled=\u00bbon\u00bb button_two_border_radius__hover=\u00bb0&#8243; button_one_letter_spacing__hover_enabled=\u00bbon\u00bb button_one_letter_spacing__hover=\u00bb2&#8243; button_two_letter_spacing__hover_enabled=\u00bbon\u00bb button_two_letter_spacing__hover=\u00bb2&#8243; button_one_bg_color__hover_enabled=\u00bbon\u00bb button_one_bg_color__hover=\u00bb#ffffff\u00bb button_two_bg_color__hover_enabled=\u00bbon\u00bb button_two_bg_color__hover=\u00bb#ffffff\u00bb sticky_enabled=\u00bb0&#8243;][\/et_pb_fullwidth_header][\/et_pb_section][et_pb_section fb_built=\u00bb1&#8243; admin_label=\u00bbFAQ\u00bb _builder_version=\u00bb3.22&#8243; custom_padding=\u00bb0px|0px|90px|0px||\u00bb][et_pb_row _builder_version=\u00bb3.25&#8243; background_size=\u00bbinitial\u00bb background_position=\u00bbtop_left\u00bb background_repeat=\u00bbrepeat\u00bb custom_padding=\u00bb45px|0px|0px|0px||\u00bb custom_width_px=\u00bb710px\u00bb][et_pb_column type=\u00bb4_4&#8243; _builder_version=\u00bb3.25&#8243; background_position=\u00bbtop_left\u00bb custom_padding=\u00bb|||\u00bb custom_padding__hover=\u00bb|||\u00bb][et_pb_divider color=\u00bb#2166aa\u00bb divider_weight=\u00bb3px\u00bb disabled_on=\u00bboff|off|off\u00bb _builder_version=\u00bb4.7.7&#8243; background_color_gradient_direction=\u00bb90deg\u00bb max_width=\u00bb100px\u00bb module_alignment=\u00bbcenter\u00bb height=\u00bb5px\u00bb custom_margin=\u00bb||20px|\u00bb custom_padding=\u00bb||20px|\u00bb animation_style=\u00bbslide\u00bb animation_direction=\u00bbbottom\u00bb saved_tabs=\u00bball\u00bb locked=\u00bboff\u00bb][\/et_pb_divider][\/et_pb_column][\/et_pb_row][et_pb_row _builder_version=\u00bb4.7.7&#8243; _module_preset=\u00bbdefault\u00bb custom_padding=\u00bb0px|||||\u00bb][et_pb_column type=\u00bb4_4&#8243; _builder_version=\u00bb4.7.7&#8243; _module_preset=\u00bbdefault\u00bb][et_pb_text _builder_version=\u00bb4.7.7&#8243; _module_preset=\u00bbdefault\u00bb hover_enabled=\u00bb0&#8243; sticky_enabled=\u00bb0&#8243;]<\/p>\n<p>Nuestros servicios de Auditor\u00eda a edificios y condominios est\u00e1n orientado a la revisi\u00f3n de movimientos realizados en un per\u00edodo determinado, los que permiten verificar fehacientemente la veracidad de la informaci\u00f3n y el correcto uso de fondos de la Comunidad.<\/p>\n<p>Para lograr el \u00e9xito de la auditor\u00eda, se realiza un an\u00e1lisis riguroso y met\u00f3dico de la informaci\u00f3n de respaldo entregada por la comunidad y una revisi\u00f3n de cuentas Bancarias, que permitan conciliar cargos y abonos con los documento de Ingresos y Egresos correspondientes, adem\u00e1s de determinar el cumplimiento de aspectos, Legales, Laborales y contractuales.<\/p>\n<p>&nbsp;<\/p>\n<h2><strong>Entre los principales temas a auditar, se encuentran:<\/strong><\/h2>\n<ul>\n<li>Revisi\u00f3n de Ingresos por pago de gastos comunes<\/li>\n<li>Revisi\u00f3n de Egresos<\/li>\n<li>Validaci\u00f3n de ingresos y gastos extraordinarios<\/li>\n<li>Revisi\u00f3n de Cheques<\/li>\n<li>Revisi\u00f3n de Gastos Mantenci\u00f3n<\/li>\n<li>Revisi\u00f3n de Gastos Menores<\/li>\n<li>Conciliaci\u00f3n bancaria<\/li>\n<li>Control de Morosidad.<\/li>\n<li>Control Fondo Reserva<\/li>\n<li>Control Fondo Inversiones<\/li>\n<li>Control de Gastos Administraci\u00f3n<\/li>\n<li>Pagos de Sueldos, Honorarios y Cotizaciones<\/li>\n<\/ul>\n<p>[\/et_pb_text][\/et_pb_column][\/et_pb_row][\/et_pb_section]<\/p>\n","protected":false},"excerpt":{"rendered":"<p>Nuestros servicios de Auditor\u00eda a edificios y condominios est\u00e1n orientado a la revisi\u00f3n de movimientos realizados en un per\u00edodo determinado, los que permiten verificar fehacientemente la veracidad de la informaci\u00f3n y el correcto uso de fondos de la Comunidad. Para lograr el \u00e9xito de la auditor\u00eda, se realiza un an\u00e1lisis riguroso y met\u00f3dico de la [&hellip;]<\/p>\n","protected":false},"author":1,"featured_media":0,"parent":0,"menu_order":0,"comment_status":"closed","ping_status":"closed","template":"","meta":{"_et_pb_use_builder":"on","_et_pb_old_content":"","_et_gb_content_width":"","footnotes":""},"class_list":["post-46603","page","type-page","status-publish","hentry"],"_links":{"self":[{"href":"https:\/\/sacye.cl\/index.php\/wp-json\/wp\/v2\/pages\/46603","targetHints":{"allow":["GET"]}}],"collection":[{"href":"https:\/\/sacye.cl\/index.php\/wp-json\/wp\/v2\/pages"}],"about":[{"href":"https:\/\/sacye.cl\/index.php\/wp-json\/wp\/v2\/types\/page"}],"author":[{"embeddable":true,"href":"https:\/\/sacye.cl\/index.php\/wp-json\/wp\/v2\/users\/1"}],"replies":[{"embeddable":true,"href":"https:\/\/sacye.cl\/index.php\/wp-json\/wp\/v2\/comments?post=46603"}],"version-history":[{"count":4,"href":"https:\/\/sacye.cl\/index.php\/wp-json\/wp\/v2\/pages\/46603\/revisions"}],"predecessor-version":[{"id":46611,"href":"https:\/\/sacye.cl\/index.php\/wp-json\/wp\/v2\/pages\/46603\/revisions\/46611"}],"wp:attachment":[{"href":"https:\/\/sacye.cl\/index.php\/wp-json\/wp\/v2\/media?parent=46603"}],"curies":[{"name":"wp","href":"https:\/\/api.w.org\/{rel}","templated":true}]}}